{"id":317,"date":"2020-11-13T21:01:07","date_gmt":"2020-11-13T21:01:07","guid":{"rendered":"https:\/\/gm-team.si\/?page_id=317"},"modified":"2024-09-03T07:10:13","modified_gmt":"2024-09-03T07:10:13","slug":"kontakt","status":"publish","type":"page","link":"https:\/\/gm-team.si\/?page_id=317","title":{"rendered":"KONTAKT"},"content":{"rendered":"\n<h3 class=\"wp-block-heading\">GM TEAM, , Goran Milenkovi\u0107 s.p. <\/h3>\n\n\n\n<h3 class=\"wp-block-heading\">Trg pre\u0161ernove Brigade 8, Kranj 4000<\/h3>\n\n\n\n<h3 class=\"wp-block-heading\"> \u2709\ufe0fgoran.milenkovic81@gmail.com\u260e\ufe0f+386 40 522 215<\/h3>\n","protected":false},"excerpt":{"rendered":"<p>GM TEAM, , Goran Milenkovi\u0107 s.p. Trg pre\u0161ernove Brigade 8, Kranj 4000 \u2709\ufe0fgoran.milenkovic81@gmail.com\u260e\ufe0f+386 40 522 215<\/p>\n","protected":false},"author":1,"featured_media":0,"parent":0,"menu_order":0,"comment_status":"closed","ping_status":"closed","template":"","meta":{"footnotes":""},"class_list":["post-317","page","type-page","status-publish","hentry"],"yoast_head":"<!-- This site is optimized with the Yoast SEO plugin v27.6 - https:\/\/yoast.com\/product\/yoast-seo-wordpress\/ -->\n<title>KONTAKT - GM TEAM<\/title>\n<meta name=\"robots\" content=\"index, follow, max-snippet:-1, max-image-preview:large, max-video-preview:-1\" \/>\n<link rel=\"canonical\" href=\"https:\/\/gm-team.si\/?page_id=317\" \/>\n<meta property=\"og:locale\" content=\"en_US\" \/>\n<meta property=\"og:type\" content=\"article\" \/>\n<meta property=\"og:title\" content=\"KONTAKT - GM TEAM\" \/>\n<meta property=\"og:description\" content=\"GM TEAM, , Goran Milenkovi\u0107 s.p. Trg pre\u0161ernove Brigade 8, Kranj 4000 \u2709\ufe0fgoran.milenkovic81@gmail.com\u260e\ufe0f+386 40 522 215\" \/>\n<meta property=\"og:url\" content=\"https:\/\/gm-team.si\/?page_id=317\" \/>\n<meta property=\"og:site_name\" content=\"GM TEAM\" \/>\n<meta property=\"article:publisher\" content=\"https:\/\/www.facebook.com\/\" \/>\n<meta property=\"article:modified_time\" content=\"2024-09-03T07:10:13+00:00\" \/>\n<meta name=\"twitter:card\" content=\"summary_large_image\" \/>\n<meta name=\"twitter:label1\" content=\"Est. reading time\" \/>\n\t<meta name=\"twitter:data1\" content=\"1 minute\" \/>\n<script type=\"application\/ld+json\" class=\"yoast-schema-graph\">{\"@context\":\"https:\\\/\\\/schema.org\",\"@graph\":[{\"@type\":\"WebPage\",\"@id\":\"https:\\\/\\\/gm-team.si\\\/?page_id=317\",\"url\":\"https:\\\/\\\/gm-team.si\\\/?page_id=317\",\"name\":\"KONTAKT - GM TEAM\",\"isPartOf\":{\"@id\":\"https:\\\/\\\/gm-team.si\\\/#website\"},\"datePublished\":\"2020-11-13T21:01:07+00:00\",\"dateModified\":\"2024-09-03T07:10:13+00:00\",\"breadcrumb\":{\"@id\":\"https:\\\/\\\/gm-team.si\\\/?page_id=317#breadcrumb\"},\"inLanguage\":\"en-US\",\"potentialAction\":[{\"@type\":\"ReadAction\",\"target\":[\"https:\\\/\\\/gm-team.si\\\/?page_id=317\"]}]},{\"@type\":\"BreadcrumbList\",\"@id\":\"https:\\\/\\\/gm-team.si\\\/?page_id=317#breadcrumb\",\"itemListElement\":[{\"@type\":\"ListItem\",\"position\":1,\"name\":\"Home\",\"item\":\"https:\\\/\\\/gm-team.si\\\/\"},{\"@type\":\"ListItem\",\"position\":2,\"name\":\"KONTAKT\"}]},{\"@type\":\"WebSite\",\"@id\":\"https:\\\/\\\/gm-team.si\\\/#website\",\"url\":\"https:\\\/\\\/gm-team.si\\\/\",\"name\":\"GM TEAM, Goran Milenkovi\u0107 s.p.\",\"description\":\"\",\"publisher\":{\"@id\":\"https:\\\/\\\/gm-team.si\\\/#organization\"},\"potentialAction\":[{\"@type\":\"SearchAction\",\"target\":{\"@type\":\"EntryPoint\",\"urlTemplate\":\"https:\\\/\\\/gm-team.si\\\/?s={search_term_string}\"},\"query-input\":{\"@type\":\"PropertyValueSpecification\",\"valueRequired\":true,\"valueName\":\"search_term_string\"}}],\"inLanguage\":\"en-US\"},{\"@type\":\"Organization\",\"@id\":\"https:\\\/\\\/gm-team.si\\\/#organization\",\"name\":\"GM TEAM, \u010cI\u0160\u010cENJE PREZRA\u010cEVALNIH SISTEMOV, Goran Milenkovi\u0107 s.p.\",\"url\":\"https:\\\/\\\/gm-team.si\\\/\",\"logo\":{\"@type\":\"ImageObject\",\"inLanguage\":\"en-US\",\"@id\":\"https:\\\/\\\/gm-team.si\\\/#\\\/schema\\\/logo\\\/image\\\/\",\"url\":\"https:\\\/\\\/gm-team.si\\\/wp-content\\\/uploads\\\/2020\\\/11\\\/cropped-gm12355...-1.png\",\"contentUrl\":\"https:\\\/\\\/gm-team.si\\\/wp-content\\\/uploads\\\/2020\\\/11\\\/cropped-gm12355...-1.png\",\"width\":125,\"height\":87,\"caption\":\"GM TEAM, \u010cI\u0160\u010cENJE PREZRA\u010cEVALNIH SISTEMOV, Goran Milenkovi\u0107 s.p.\"},\"image\":{\"@id\":\"https:\\\/\\\/gm-team.si\\\/#\\\/schema\\\/logo\\\/image\\\/\"},\"sameAs\":[\"https:\\\/\\\/www.facebook.com\\\/\",\"https:\\\/\\\/www.instagram.com\\\/\",\"https:\\\/\\\/www.linkedin.com\\\/\",\"https:\\\/\\\/www.myspace.com\\\/\",\"https:\\\/\\\/www.pinterest.com\\\/\",\"https:\\\/\\\/www.youtube.com\\\/\"]}]}<\/script>\n<!-- \/ Yoast SEO plugin. -->","yoast_head_json":{"title":"KONTAKT - GM TEAM","robots":{"index":"index","follow":"follow","max-snippet":"max-snippet:-1","max-image-preview":"max-image-preview:large","max-video-preview":"max-video-preview:-1"},"canonical":"https:\/\/gm-team.si\/?page_id=317","og_locale":"en_US","og_type":"article","og_title":"KONTAKT - GM TEAM","og_description":"GM TEAM, , Goran Milenkovi\u0107 s.p. Trg pre\u0161ernove Brigade 8, Kranj 4000 \u2709\ufe0fgoran.milenkovic81@gmail.com\u260e\ufe0f+386 40 522 215","og_url":"https:\/\/gm-team.si\/?page_id=317","og_site_name":"GM TEAM","article_publisher":"https:\/\/www.facebook.com\/","article_modified_time":"2024-09-03T07:10:13+00:00","twitter_card":"summary_large_image","twitter_misc":{"Est. reading time":"1 minute"},"schema":{"@context":"https:\/\/schema.org","@graph":[{"@type":"WebPage","@id":"https:\/\/gm-team.si\/?page_id=317","url":"https:\/\/gm-team.si\/?page_id=317","name":"KONTAKT - GM TEAM","isPartOf":{"@id":"https:\/\/gm-team.si\/#website"},"datePublished":"2020-11-13T21:01:07+00:00","dateModified":"2024-09-03T07:10:13+00:00","breadcrumb":{"@id":"https:\/\/gm-team.si\/?page_id=317#breadcrumb"},"inLanguage":"en-US","potentialAction":[{"@type":"ReadAction","target":["https:\/\/gm-team.si\/?page_id=317"]}]},{"@type":"BreadcrumbList","@id":"https:\/\/gm-team.si\/?page_id=317#breadcrumb","itemListElement":[{"@type":"ListItem","position":1,"name":"Home","item":"https:\/\/gm-team.si\/"},{"@type":"ListItem","position":2,"name":"KONTAKT"}]},{"@type":"WebSite","@id":"https:\/\/gm-team.si\/#website","url":"https:\/\/gm-team.si\/","name":"GM TEAM, Goran Milenkovi\u0107 s.p.","description":"","publisher":{"@id":"https:\/\/gm-team.si\/#organization"},"potentialAction":[{"@type":"SearchAction","target":{"@type":"EntryPoint","urlTemplate":"https:\/\/gm-team.si\/?s={search_term_string}"},"query-input":{"@type":"PropertyValueSpecification","valueRequired":true,"valueName":"search_term_string"}}],"inLanguage":"en-US"},{"@type":"Organization","@id":"https:\/\/gm-team.si\/#organization","name":"GM TEAM, \u010cI\u0160\u010cENJE PREZRA\u010cEVALNIH SISTEMOV, Goran Milenkovi\u0107 s.p.","url":"https:\/\/gm-team.si\/","logo":{"@type":"ImageObject","inLanguage":"en-US","@id":"https:\/\/gm-team.si\/#\/schema\/logo\/image\/","url":"https:\/\/gm-team.si\/wp-content\/uploads\/2020\/11\/cropped-gm12355...-1.png","contentUrl":"https:\/\/gm-team.si\/wp-content\/uploads\/2020\/11\/cropped-gm12355...-1.png","width":125,"height":87,"caption":"GM TEAM, \u010cI\u0160\u010cENJE PREZRA\u010cEVALNIH SISTEMOV, Goran Milenkovi\u0107 s.p."},"image":{"@id":"https:\/\/gm-team.si\/#\/schema\/logo\/image\/"},"sameAs":["https:\/\/www.facebook.com\/","https:\/\/www.instagram.com\/","https:\/\/www.linkedin.com\/","https:\/\/www.myspace.com\/","https:\/\/www.pinterest.com\/","https:\/\/www.youtube.com\/"]}]}},"_links":{"self":[{"href":"https:\/\/gm-team.si\/index.php?rest_route=\/wp\/v2\/pages\/317","targetHints":{"allow":["GET"]}}],"collection":[{"href":"https:\/\/gm-team.si\/index.php?rest_route=\/wp\/v2\/pages"}],"about":[{"href":"https:\/\/gm-team.si\/index.php?rest_route=\/wp\/v2\/types\/page"}],"author":[{"embeddable":true,"href":"https:\/\/gm-team.si\/index.php?rest_route=\/wp\/v2\/users\/1"}],"replies":[{"embeddable":true,"href":"https:\/\/gm-team.si\/index.php?rest_route=%2Fwp%2Fv2%2Fcomments&post=317"}],"version-history":[{"count":2,"href":"https:\/\/gm-team.si\/index.php?rest_route=\/wp\/v2\/pages\/317\/revisions"}],"predecessor-version":[{"id":419,"href":"https:\/\/gm-team.si\/index.php?rest_route=\/wp\/v2\/pages\/317\/revisions\/419"}],"wp:attachment":[{"href":"https:\/\/gm-team.si\/index.php?rest_route=%2Fwp%2Fv2%2Fmedia&parent=317"}],"curies":[{"name":"wp","href":"https:\/\/api.w.org\/{rel}","templated":true}]}}